{"id":72,"date":"2019-08-28T11:51:29","date_gmt":"2019-08-28T11:51:29","guid":{"rendered":"https:\/\/dis.ijs.si\/mezinew\/?page_id=72"},"modified":"2019-09-02T12:09:04","modified_gmt":"2019-09-02T12:09:04","slug":"test","status":"publish","type":"page","link":"https:\/\/dis.ijs.si\/mezi\/index.php\/test\/","title":{"rendered":"Selected 10 publications"},"content":{"rendered":"\n<h3 class=\"wp-block-heading\"><a href=\"https:\/\/scholar.google.si\/citations?user=ZDF5t0YAAAAJ&amp;hl=sl\">Google scholar &#8211; Matjaz Gams<\/a><\/h3>\n\n\n\n<h3 class=\"wp-block-heading\">Selected 10 publications 2010-2015:<\/h3>\n\n\n\n<ol class=\"wp-block-list\"><li>GJORESKI, Hristijan, KOZINA, Simon, GAMS, Matja\u017e, LU\u0160TREK, Mitja, \u00c1LVAREZ-GARC\u00cdA, Juan Antonio, HONG, Jin-Hyuk, RAMOS, Julian, DEY, Anind K., BOCCA, Maurizio, PATWARI, Neal. Competitive live evaluations of activity-recognition systems. IEEE pervasive computing, ISSN 1536-1268. [Print ed.], 2015, vol. 14, no. 1, pp. 70-77<\/li><li>VIDULIN, Vedrana, BOHANEC, Marko, GAMS, Matja\u017e. Combining human analysis and machine data mining to obtain credible data relations. Information sciences, ISSN 0020-0255. [Print ed.], dec. 2014, vol. 288, pp. 254-278<\/li><li>GAMS, Matja\u017e, HORVAT, Matej, O\u017dEK, Matej, LU\u0160TREK, Mitja, GRADI\u0160EK, Anton. Integrating artificial and human intelligence into tablet production process. AAPS PharmSciTech, ISSN 1530-9932, 2014, vol. 15, no. 6, pp. 1147-1453<\/li><li>MIRCHEVSKA, Violeta, LU\u0160TREK, Mitja, GAMS, Matja\u017e. Combining domain knowledge and machine learning for robust fall detection. Expert systems, ISSN 0266-4720, 2014, vol. 31, no. 2, str. 163-175<\/li><li>DOVGAN, Erik, JAVORSKI, Matija, TU\u0160AR, Tea, GAMS, Matja\u017e, FILIPI\u010c, Bogdan. Comparing a multiobjective optimization algorithm for discovering driving strategies with humans. Expert systems with applications, ISSN 0957-4174. [Print ed.], 2013, vol. 40, no. 7, pp. 2687-2695<\/li><li>KALU\u017dA, Bo\u0161tjan, GAMS, Matja\u017e. Analysis of daily-living dynamics. Journal of ambient intelligence and smart environments, ISSN 1876-1364, 2012, vol. 4, no. 5, pp. 403-413<\/li><li>VIDULIN, Vedrana, GAMS, Matjaz. Impact of high-level knowledge on economic welfare through interactive data mining. Appl. artif. intell., 2011, vol. 25, no. 4, pp. 267-291<\/li><li>KALUZA, Bostjan, DOVGAN, Erik, TUSAR, Tea, TAMBE, Milind, GAMS, Matjaz. A probabilistic risk analysis for multimodal entry control. Expert syst. appl.. [Print ed.], 2011, vol. 38, no. 6, pp. 6696-6704<\/li><li>PILTAVER, Rok, LUSTREK, Mitja, GAMS, Matjaz. The pathology of heuristic search in the 8-puzzle.J. exp. theor. artif. intell., 2011, 11 pp.<\/li><li>NAU, Dana, LUSTREK, Mitja, PARKER, Austin, BRATKO, Ivan, GAMS, Matjaz. When is it better not to look ahead?. Artif. intell.. [Print ed.], 2010, vol. 174, no. 16\/17, pp. 1323-1338older<\/li><li>LUSTREK, Mitja, GAMS, Matjaz, BRATKO, Ivan.&nbsp;<a href=\"http:\/\/portal.acm.org\/citation.cfm?id=1141136.1141141\">Is real-valued minimax pathological?.<\/a>&nbsp;Artif. intell.. [Print ed.], 2006, vol. 170, pp. 620-642. [COBISS.SI-ID 19805735]<\/li><li>BEZEK, Andraz, GAMS, Matjaz.&nbsp;<a href=\"http:\/\/www.cai.sk\/Volumes\/Volume_25_2006_No1.htm\">Comparing a traditional<\/a>&nbsp;and multi-agent load-balancing system. Comput. inform., 2006, vol. 25, pp. 17-42. [COBISS.SI-ID 19799591]<\/li><li>GAMS, Matjaz.&nbsp;<a href=\"http:\/\/portal.acm.org\/citation.cfm?id=596721.596921&amp;dl=GUIDE&amp;dl=GUIDE&amp;CFID=15151515&amp;CFTOKEN=6184618\">The Turing&nbsp;<\/a>machine may not be the universal machine. Minds mach. (Dordr.), 2002, vol. 12, pp. 137-142. [COBISS.SI-ID 16523303]<\/li><li>PIVK, Aleksander, GAMS, Matjaz.&nbsp;<a href=\"http:\/\/www.sciencedirect.com\/science?_ob=ArticleURL&amp;_udi=B6V03-46PFJXP-3&amp;_user=634383&amp;_coverDate=10%2F01%2F2002&amp;_rdoc=1&amp;_fmt=&amp;_orig=search&amp;_sort=d&amp;view=c&amp;_acct=C000033638&amp;_version=1&amp;_urlVersion=0&amp;_userid=634383&amp;md5=d6c7e8f2d8ae7103be701fe270b00e35\">Domain-dependent information<\/a>&nbsp;gathering agent. Expert syst. appl.. [Print ed.], 2002, vol. 23, pp. 207-218. [COBISS.SI-ID 17103911]<\/li><li>GAMS, Matjaz.&nbsp;<a href=\"http:\/\/www.amazon.com\/exec\/obidos\/ASIN\/1560728981\/qid%3D997700455\/103-1711169-7916644\">Weak intelligence<\/a>&nbsp;: through the principle and paradox of multiple knowledge, (Advances in computation, vol. 6). Huntington: Nova Science, 2001. XIX, 245 pp., graf. prikazi, ilupp. ISBN 1-56072-898-1. [COBISS.SI-ID 15994407]<\/li><li>GAMS, Matjaz, DROBNIC, Matija, KARBA, Neda.&nbsp;<a href=\"http:\/\/www.springerlink.com\/content\/pt6p7578562154q1\/\">Average-case improvements<\/a>&nbsp;when integrating ML and KA. Appl. intell. (Boston). [Printed.], 1996, vol. 6, pp. 87-99. [COBISS.SI-ID 12250919]<\/li><\/ol>\n","protected":false},"excerpt":{"rendered":"<p>Google scholar &#8211; Matjaz Gams Selected 10 publications 2010-2015: GJORESKI, Hristijan, KOZINA, Simon, GAMS, Matja\u017e, LU\u0160TREK, Mitja, \u00c1LVAREZ-GARC\u00cdA, Juan Antonio, HONG, Jin-Hyuk, RAMOS, Julian, DEY, Anind K., BOCCA, Maurizio, PATWARI, Neal. Competitive live evaluations of activity-recognition systems. IEEE pervasive computing, ISSN 1536-1268. [Print ed.], 2015, vol. 14, no. 1, pp.<\/p>\n","protected":false},"author":1,"featured_media":0,"parent":0,"menu_order":0,"comment_status":"closed","ping_status":"closed","template":"","meta":{"footnotes":""},"class_list":["post-72","page","type-page","status-publish","hentry","post-box"],"_links":{"self":[{"href":"https:\/\/dis.ijs.si\/mezi\/index.php\/wp-json\/wp\/v2\/pages\/72","targetHints":{"allow":["GET"]}}],"collection":[{"href":"https:\/\/dis.ijs.si\/mezi\/index.php\/wp-json\/wp\/v2\/pages"}],"about":[{"href":"https:\/\/dis.ijs.si\/mezi\/index.php\/wp-json\/wp\/v2\/types\/page"}],"author":[{"embeddable":true,"href":"https:\/\/dis.ijs.si\/mezi\/index.php\/wp-json\/wp\/v2\/users\/1"}],"replies":[{"embeddable":true,"href":"https:\/\/dis.ijs.si\/mezi\/index.php\/wp-json\/wp\/v2\/comments?post=72"}],"version-history":[{"count":1,"href":"https:\/\/dis.ijs.si\/mezi\/index.php\/wp-json\/wp\/v2\/pages\/72\/revisions"}],"predecessor-version":[{"id":96,"href":"https:\/\/dis.ijs.si\/mezi\/index.php\/wp-json\/wp\/v2\/pages\/72\/revisions\/96"}],"wp:attachment":[{"href":"https:\/\/dis.ijs.si\/mezi\/index.php\/wp-json\/wp\/v2\/media?parent=72"}],"curies":[{"name":"wp","href":"https:\/\/api.w.org\/{rel}","templated":true}]}}